{"id":169,"date":"2025-10-09T13:55:10","date_gmt":"2025-10-09T10:55:10","guid":{"rendered":"https:\/\/fingulfbusinesspark.com\/?page_id=169"},"modified":"2026-04-17T15:41:22","modified_gmt":"2026-04-17T12:41:22","slug":"tiimi","status":"publish","type":"page","link":"https:\/\/fingulfbusinesspark.com\/fi\/tiimi\/","title":{"rendered":"Tiimi"},"content":{"rendered":"<section class=\"l-section wpb_row height_large full_height valign_center color_primary with_img parallax_fixed\"><div class=\"l-section-img\" role=\"img\" aria-label=\"Niina ja Mika\" data-img-width=\"1920\" data-img-height=\"1080\" style=\"background-image: url(https:\/\/fingulfbusinesspark.com\/wp-content\/uploads\/niina-mika.jpg);background-repeat: no-repeat;\"><\/div><div class=\"l-section-overlay\" style=\"background:rgba(0,0,0,0.55)\"><\/div><div class=\"l-section-h i-cf\"><div class=\"g-cols vc_row via_flex valign_bottom type_default stacking_default\"><div class=\"vc_col-sm-8 wpb_column vc_column_container\"><div class=\"vc_column-inner\"><div class=\"wpb_wrapper\"><div class=\"w-separator size_custom\" style=\"height:350px\" id=\"i5e7\"><style>@media(max-width:600px){ #i5e7{height:150px!important}}<\/style><\/div><div class=\"wpb_text_column us_custom_7e20fa79 us_animate_this\"><div class=\"wpb_wrapper\"><h1>Dynaaminen kaksikko<\/h1>\n<\/div><\/div><div class=\"w-separator size_medium\"><\/div><h5 class=\"w-text us_custom_0ed0eac3 has_text_color us_animate_this\"><span class=\"w-text-h\"><span class=\"w-text-value\">Tiimi yrityksen takana<\/span><\/span><\/h5><\/div><\/div><\/div><div class=\"vc_col-sm-4 wpb_column vc_column_container\"><div class=\"vc_column-inner\"><div class=\"wpb_wrapper\"><\/div><\/div><\/div><\/div><\/div><\/section><section class=\"l-section wpb_row height_large color_alternate\"><div class=\"l-section-h i-cf\"><div class=\"g-cols vc_row via_flex valign_top type_default stacking_default\"><div class=\"vc_col-sm-12 wpb_column vc_column_container\"><div class=\"vc_column-inner\"><div class=\"wpb_wrapper\"><div class=\"wpb_text_column\"><div class=\"wpb_wrapper\"><h2>Niina<\/h2>\n<\/div><\/div><div class=\"w-separator size_small\"><\/div><h5 class=\"w-text us_custom_6745946f has_text_color\"><span class=\"w-text-h\"><span class=\"w-text-value\">Operatiivinen johtaja<\/span><\/span><\/h5><div class=\"g-cols wpb_row via_flex valign_top type_default stacking_default\"><div class=\"vc_col-sm-8 vc_col-lg-6 vc_col-md-6 wpb_column vc_column_container\"><div class=\"vc_column-inner\"><div class=\"wpb_wrapper\"><div class=\"w-image us_custom_ab465ac0 align_none\"><div class=\"w-image-h\"><img decoding=\"async\" width=\"960\" height=\"960\" src=\"https:\/\/fingulfbusinesspark.com\/wp-content\/uploads\/niina.jpg\" class=\"attachment-large size-large\" alt=\"Niina Pitk\u00e4nen\" loading=\"lazy\" srcset=\"https:\/\/fingulfbusinesspark.com\/wp-content\/uploads\/niina.jpg 960w, https:\/\/fingulfbusinesspark.com\/wp-content\/uploads\/niina-300x300.jpg 300w, https:\/\/fingulfbusinesspark.com\/wp-content\/uploads\/niina-150x150.jpg 150w\" sizes=\"auto, (max-width: 960px) 100vw, 960px\" \/><\/div><\/div><\/div><\/div><\/div><div class=\"vc_col-sm-12 vc_col-lg-6 vc_col-md-6 wpb_column vc_column_container\"><div class=\"vc_column-inner\"><div class=\"wpb_wrapper\"><div class=\"wpb_text_column\"><div class=\"wpb_wrapper\"><p>Yli 20 vuoden operatiivisen johtamisen kokemuksella Niina yhdist\u00e4\u00e4 syv\u00e4llisen markkinointiosaamisen ja todistetun kyvyn johtaa sek\u00e4 inspiroida tiimej\u00e4. H\u00e4net tunnetaan positiivisesta can-do-asenteestaan ja pelottomasta tavastaan tarttua haasteisiin \u2013 Niina l\u00e4htee rohkeasti mukaan projekteihin, joihin muut eiv\u00e4t ehk\u00e4 uskaltaisi tarttua, ja vie ne m\u00e4\u00e4r\u00e4tietoisesti maaliin.<\/p>\n<p>Niina edustaa p\u00e4\u00e4tt\u00e4v\u00e4isyytt\u00e4, luovuutta ja tekemisen henke\u00e4, joka m\u00e4\u00e4ritt\u00e4\u00e4 FinGulf Business Parkin toimintaa.<\/p>\n<p><strong>+971 56 183 0381<\/strong><br \/>\n<strong>+358 40 171 2770<\/strong><\/p>\n<p><a href=\"mailto:niina.pitkanen@fingulfbusinesspark.com\"><strong>niina.pitkanen@fingulfbusinesspark.com<\/strong><\/a><\/p>\n<\/div><\/div><\/div><\/div><\/div><\/div><div class=\"w-separator size_huge\"><\/div><div class=\"wpb_text_column\"><div class=\"wpb_wrapper\"><h2>Mika<\/h2>\n<\/div><\/div><div class=\"w-separator size_small\"><\/div><h5 class=\"w-text us_custom_6745946f has_text_color\"><span class=\"w-text-h\"><span class=\"w-text-value\">perustaja<\/span><\/span><\/h5><div class=\"g-cols wpb_row via_flex valign_top type_default stacking_default\"><div class=\"vc_col-sm-8 vc_col-lg-6 vc_col-md-6 wpb_column vc_column_container\"><div class=\"vc_column-inner\"><div class=\"wpb_wrapper\"><div class=\"w-image us_custom_ab465ac0 align_none\"><div class=\"w-image-h\"><img decoding=\"async\" width=\"940\" height=\"940\" src=\"https:\/\/fingulfbusinesspark.com\/wp-content\/uploads\/mika-puustinen.jpg\" class=\"attachment-large size-large\" alt=\"Mika Puustinen\" loading=\"lazy\" srcset=\"https:\/\/fingulfbusinesspark.com\/wp-content\/uploads\/mika-puustinen.jpg 940w, https:\/\/fingulfbusinesspark.com\/wp-content\/uploads\/mika-puustinen-300x300.jpg 300w, https:\/\/fingulfbusinesspark.com\/wp-content\/uploads\/mika-puustinen-150x150.jpg 150w\" sizes=\"auto, (max-width: 940px) 100vw, 940px\" \/><\/div><\/div><\/div><\/div><\/div><div class=\"vc_col-sm-12 vc_col-lg-6 vc_col-md-6 wpb_column vc_column_container\"><div class=\"vc_column-inner\"><div class=\"wpb_wrapper\"><div class=\"wpb_text_column\"><div class=\"wpb_wrapper\"><p>Mika on FinGulf Business Parkin perustaja ja intohimoinen verkostoija, joka yhdist\u00e4\u00e4 suomalaisia ja kansainv\u00e4lisi\u00e4 yrityksi\u00e4 Dubain dynaamiseen liiketoimintaymp\u00e4rist\u00f6\u00f6n.<\/p>\n<p>Vahvan liiketoiminnan kehitt\u00e4misen, strategisten kumppanuuksien ja kansainv\u00e4lisen kaupan taustan ansiosta Mika tunnetaan ratkaisukeskeisest\u00e4 ajattelustaan ja kyvyst\u00e4\u00e4n luoda arvoa merkityksellisten yhteisty\u00f6iden kautta.<\/p>\n<p>H\u00e4nen selke\u00e4 visionsa on rakentaa FinGulfista johtava suomalais-emiraattilainen yrityskeskittym\u00e4 Expo City Dubaissa.<\/p>\n<p><strong>+971 55 183 0750<\/strong><br \/>\n<strong>+358 45 855 4490<\/strong><\/p>\n<p><a href=\"mailto:mika.puustinen@fingulfbusinesspark.com\"><strong>mika.puustinen@fingulfbusinesspark.com<\/strong><\/a><\/p>\n<\/div><\/div><\/div><\/div><\/div><\/div><div class=\"w-separator size_large with_line width_default thick_1 style_solid color_border align_center\"><div class=\"w-separator-h\"><\/div><\/div><div class=\"g-cols wpb_row via_flex valign_top type_default stacking_default\"><div class=\"vc_col-sm-2 wpb_column vc_column_container\"><div class=\"vc_column-inner\"><div class=\"wpb_wrapper\"><\/div><\/div><\/div><div class=\"vc_col-sm-8 wpb_column vc_column_container\"><div class=\"vc_column-inner\"><div class=\"wpb_wrapper\"><div class=\"wpb_text_column\"><div class=\"wpb_wrapper\"><p><span>Lis\u00e4ksi FinGulfin tiimi\u00e4 t\u00e4ydent\u00e4\u00e4 <strong>laaja verkosto paikallisia asiantuntijoita<\/strong> eri aloilta, joiden osaaminen vahvistaa palvelujemme laatua ja paikallista tuntemusta.<\/span><\/p>\n<\/div><\/div><\/div><\/div><\/div><div class=\"vc_col-sm-2 wpb_column vc_column_container\"><div class=\"vc_column-inner\"><div class=\"wpb_wrapper\"><\/div><\/div><\/div><\/div><div class=\"w-separator size_large with_line width_default thick_1 style_solid color_border align_center\"><div class=\"w-separator-h\"><\/div><\/div><div class=\"g-cols wpb_row via_flex valign_top type_default stacking_default\"><div class=\"vc_col-sm-12 vc_col-lg-6 vc_col-md-6 wpb_column vc_column_container\"><div class=\"vc_column-inner\"><div class=\"wpb_wrapper\"><div class=\"wpb_text_column\"><div class=\"wpb_wrapper\"><h2>Luca<\/h2>\n<\/div><\/div><div class=\"w-separator size_small\"><\/div><h5 class=\"w-text us_custom_6745946f has_text_color\"><span class=\"w-text-h\"><span class=\"w-text-value\">Liiketoiminnan kehitys<\/span><\/span><\/h5><div class=\"wpb_text_column\"><div class=\"wpb_wrapper\"><p>Luca tukee FinGulfin liiketoiminnan kehityst\u00e4, markkinointia ja asiakastoimituksia \u2013 k\u00e4yt\u00e4nn\u00f6n tasolla varmistaen, ett\u00e4 pohjoismaiset yritykset saavat oikeasti tarvitsemansa tuen laajentuessaan Persianlahden markkinoille.<\/p>\n<p>Ennen FinGulfia h\u00e4n rakensi Suomessa B2B-markkinointitoimiston, jossa h\u00e4n tuotti videoasiakastarinoita maan nopeimmin kasvaville startupeille. H\u00e4n ymm\u00e4rt\u00e4\u00e4, mit\u00e4 kasvuyritykset kohtaavat, eik\u00e4 tee asioista turhan monimutkaisia.<\/p>\n<\/div><\/div><\/div><\/div><\/div><div class=\"vc_col-sm-12 vc_col-lg-6 vc_col-md-6 wpb_column vc_column_container\"><div class=\"vc_column-inner\"><div class=\"wpb_wrapper\"><\/div><\/div><\/div><\/div><\/div><\/div><\/div><\/div><\/div><\/section>\n","protected":false},"excerpt":{"rendered":"Dynaaminen kaksikko Tiimi yrityksen takanaNiina Operatiivinen johtajaYli 20 vuoden operatiivisen johtamisen kokemuksella Niina yhdist\u00e4\u00e4 syv\u00e4llisen markkinointiosaamisen ja todistetun kyvyn johtaa sek\u00e4 inspiroida tiimej\u00e4. H\u00e4net tunnetaan positiivisesta can-do-asenteestaan ja pelottomasta tavastaan tarttua haasteisiin \u2013 Niina l\u00e4htee rohkeasti mukaan projekteihin, joihin muut eiv\u00e4t ehk\u00e4 uskaltaisi tarttua, ja vie ne m\u00e4\u00e4r\u00e4tietoisesti maaliin. Niina edustaa p\u00e4\u00e4tt\u00e4v\u00e4isyytt\u00e4, luovuutta ja tekemisen...","protected":false},"author":1,"featured_media":0,"parent":0,"menu_order":4,"comment_status":"closed","ping_status":"closed","template":"","meta":{"footnotes":""},"class_list":["post-169","page","type-page","status-publish","hentry"],"yoast_head":"<!-- This site is optimized with the Yoast SEO plugin v26.3 - https:\/\/yoast.com\/wordpress\/plugins\/seo\/ -->\n<title>Tiimi - Fingulf<\/title>\n<meta name=\"description\" content=\"Yhdist\u00e4mme suomalaisia ja kansainv\u00e4lisi\u00e4 yrityksi\u00e4 Dubain dynaamiseen liiketoimintaymp\u00e4rist\u00f6\u00f6n.\" \/>\n<meta name=\"robots\" content=\"index, follow, max-snippet:-1, max-image-preview:large, max-video-preview:-1\" \/>\n<link rel=\"canonical\" href=\"https:\/\/fingulfbusinesspark.com\/fi\/tiimi\/\" \/>\n<meta property=\"og:locale\" content=\"fi_FI\" \/>\n<meta property=\"og:type\" content=\"article\" \/>\n<meta property=\"og:title\" content=\"Tiimi - Fingulf\" \/>\n<meta property=\"og:description\" content=\"Yhdist\u00e4mme suomalaisia ja kansainv\u00e4lisi\u00e4 yrityksi\u00e4 Dubain dynaamiseen liiketoimintaymp\u00e4rist\u00f6\u00f6n.\" \/>\n<meta property=\"og:url\" content=\"https:\/\/fingulfbusinesspark.com\/fi\/tiimi\/\" \/>\n<meta property=\"og:site_name\" content=\"Fingulf\" \/>\n<meta property=\"article:modified_time\" content=\"2026-04-17T12:41:22+00:00\" \/>\n<meta name=\"twitter:card\" content=\"summary_large_image\" \/>\n<meta name=\"twitter:label1\" content=\"Arvioitu lukuaika\" \/>\n\t<meta name=\"twitter:data1\" content=\"2 minuuttia\" \/>\n<script type=\"application\/ld+json\" class=\"yoast-schema-graph\">{\"@context\":\"https:\/\/schema.org\",\"@graph\":[{\"@type\":\"WebPage\",\"@id\":\"https:\/\/fingulfbusinesspark.com\/fi\/tiimi\/\",\"url\":\"https:\/\/fingulfbusinesspark.com\/fi\/tiimi\/\",\"name\":\"Tiimi - Fingulf\",\"isPartOf\":{\"@id\":\"https:\/\/fingulfbusinesspark.com\/fi\/#website\"},\"datePublished\":\"2025-10-09T10:55:10+00:00\",\"dateModified\":\"2026-04-17T12:41:22+00:00\",\"description\":\"Yhdist\u00e4mme suomalaisia ja kansainv\u00e4lisi\u00e4 yrityksi\u00e4 Dubain dynaamiseen liiketoimintaymp\u00e4rist\u00f6\u00f6n.\",\"breadcrumb\":{\"@id\":\"https:\/\/fingulfbusinesspark.com\/fi\/tiimi\/#breadcrumb\"},\"inLanguage\":\"fi\",\"potentialAction\":[{\"@type\":\"ReadAction\",\"target\":[\"https:\/\/fingulfbusinesspark.com\/fi\/tiimi\/\"]}]},{\"@type\":\"BreadcrumbList\",\"@id\":\"https:\/\/fingulfbusinesspark.com\/fi\/tiimi\/#breadcrumb\",\"itemListElement\":[{\"@type\":\"ListItem\",\"position\":1,\"name\":\"Etusivu\",\"item\":\"https:\/\/fingulfbusinesspark.com\/fi\/\"},{\"@type\":\"ListItem\",\"position\":2,\"name\":\"Tiimi\"}]},{\"@type\":\"WebSite\",\"@id\":\"https:\/\/fingulfbusinesspark.com\/fi\/#website\",\"url\":\"https:\/\/fingulfbusinesspark.com\/fi\/\",\"name\":\"Fingulf\",\"description\":\"Kaikki mit\u00e4 tarvitset vied\u00e4ksesi yrityksesi L\u00e4hi-It\u00e4\u00e4n\",\"potentialAction\":[{\"@type\":\"SearchAction\",\"target\":{\"@type\":\"EntryPoint\",\"urlTemplate\":\"https:\/\/fingulfbusinesspark.com\/fi\/?s={search_term_string}\"},\"query-input\":{\"@type\":\"PropertyValueSpecification\",\"valueRequired\":true,\"valueName\":\"search_term_string\"}}],\"inLanguage\":\"fi\"}]}<\/script>\n<!-- \/ Yoast SEO plugin. -->","yoast_head_json":{"title":"Tiimi - Fingulf","description":"Yhdist\u00e4mme suomalaisia ja kansainv\u00e4lisi\u00e4 yrityksi\u00e4 Dubain dynaamiseen liiketoimintaymp\u00e4rist\u00f6\u00f6n.","robots":{"index":"index","follow":"follow","max-snippet":"max-snippet:-1","max-image-preview":"max-image-preview:large","max-video-preview":"max-video-preview:-1"},"canonical":"https:\/\/fingulfbusinesspark.com\/fi\/tiimi\/","og_locale":"fi_FI","og_type":"article","og_title":"Tiimi - Fingulf","og_description":"Yhdist\u00e4mme suomalaisia ja kansainv\u00e4lisi\u00e4 yrityksi\u00e4 Dubain dynaamiseen liiketoimintaymp\u00e4rist\u00f6\u00f6n.","og_url":"https:\/\/fingulfbusinesspark.com\/fi\/tiimi\/","og_site_name":"Fingulf","article_modified_time":"2026-04-17T12:41:22+00:00","twitter_card":"summary_large_image","twitter_misc":{"Arvioitu lukuaika":"2 minuuttia"},"schema":{"@context":"https:\/\/schema.org","@graph":[{"@type":"WebPage","@id":"https:\/\/fingulfbusinesspark.com\/fi\/tiimi\/","url":"https:\/\/fingulfbusinesspark.com\/fi\/tiimi\/","name":"Tiimi - Fingulf","isPartOf":{"@id":"https:\/\/fingulfbusinesspark.com\/fi\/#website"},"datePublished":"2025-10-09T10:55:10+00:00","dateModified":"2026-04-17T12:41:22+00:00","description":"Yhdist\u00e4mme suomalaisia ja kansainv\u00e4lisi\u00e4 yrityksi\u00e4 Dubain dynaamiseen liiketoimintaymp\u00e4rist\u00f6\u00f6n.","breadcrumb":{"@id":"https:\/\/fingulfbusinesspark.com\/fi\/tiimi\/#breadcrumb"},"inLanguage":"fi","potentialAction":[{"@type":"ReadAction","target":["https:\/\/fingulfbusinesspark.com\/fi\/tiimi\/"]}]},{"@type":"BreadcrumbList","@id":"https:\/\/fingulfbusinesspark.com\/fi\/tiimi\/#breadcrumb","itemListElement":[{"@type":"ListItem","position":1,"name":"Etusivu","item":"https:\/\/fingulfbusinesspark.com\/fi\/"},{"@type":"ListItem","position":2,"name":"Tiimi"}]},{"@type":"WebSite","@id":"https:\/\/fingulfbusinesspark.com\/fi\/#website","url":"https:\/\/fingulfbusinesspark.com\/fi\/","name":"Fingulf","description":"Kaikki mit\u00e4 tarvitset vied\u00e4ksesi yrityksesi L\u00e4hi-It\u00e4\u00e4n","potentialAction":[{"@type":"SearchAction","target":{"@type":"EntryPoint","urlTemplate":"https:\/\/fingulfbusinesspark.com\/fi\/?s={search_term_string}"},"query-input":{"@type":"PropertyValueSpecification","valueRequired":true,"valueName":"search_term_string"}}],"inLanguage":"fi"}]}},"_links":{"self":[{"href":"https:\/\/fingulfbusinesspark.com\/fi\/wp-json\/wp\/v2\/pages\/169","targetHints":{"allow":["GET"]}}],"collection":[{"href":"https:\/\/fingulfbusinesspark.com\/fi\/wp-json\/wp\/v2\/pages"}],"about":[{"href":"https:\/\/fingulfbusinesspark.com\/fi\/wp-json\/wp\/v2\/types\/page"}],"author":[{"embeddable":true,"href":"https:\/\/fingulfbusinesspark.com\/fi\/wp-json\/wp\/v2\/users\/1"}],"replies":[{"embeddable":true,"href":"https:\/\/fingulfbusinesspark.com\/fi\/wp-json\/wp\/v2\/comments?post=169"}],"version-history":[{"count":56,"href":"https:\/\/fingulfbusinesspark.com\/fi\/wp-json\/wp\/v2\/pages\/169\/revisions"}],"predecessor-version":[{"id":693,"href":"https:\/\/fingulfbusinesspark.com\/fi\/wp-json\/wp\/v2\/pages\/169\/revisions\/693"}],"wp:attachment":[{"href":"https:\/\/fingulfbusinesspark.com\/fi\/wp-json\/wp\/v2\/media?parent=169"}],"curies":[{"name":"wp","href":"https:\/\/api.w.org\/{rel}","templated":true}]}}