{"id":216,"date":"2025-10-09T15:05:23","date_gmt":"2025-10-09T12:05:23","guid":{"rendered":"https:\/\/fingulfbusinesspark.com\/?page_id=216"},"modified":"2026-01-23T13:27:23","modified_gmt":"2026-01-23T11:27:23","slug":"uutiset","status":"publish","type":"page","link":"https:\/\/fingulfbusinesspark.com\/fi\/uutiset\/","title":{"rendered":"Uutiset"},"content":{"rendered":"<section class=\"l-section wpb_row us_custom_894f2bbd height_large full_height valign_center color_primary with_img parallax_fixed\"><div class=\"l-section-img\" role=\"img\" aria-label=\"Dubai\" data-img-width=\"1920\" data-img-height=\"1080\" style=\"background-image: url(https:\/\/fingulfbusinesspark.com\/wp-content\/uploads\/Dubai-events.jpg);background-repeat: no-repeat;\"><\/div><div class=\"l-section-overlay\" style=\"background:rgba(0,0,0,0.55)\"><\/div><div class=\"l-section-h i-cf\"><div class=\"g-cols vc_row via_flex valign_bottom type_default stacking_default\"><div class=\"vc_col-sm-8 wpb_column vc_column_container\"><div class=\"vc_column-inner\"><div class=\"wpb_wrapper\"><div class=\"w-separator size_custom\" style=\"height:350px\" id=\"h120\"><style>@media(max-width:600px){ #h120{height:150px!important}}<\/style><\/div><div class=\"wpb_text_column us_custom_7e20fa79 us_animate_this\"><div class=\"wpb_wrapper\"><h1>Uutiset<\/h1>\n<\/div><\/div><div class=\"w-separator size_medium\"><\/div><h5 class=\"w-text us_custom_0ed0eac3 has_text_color us_animate_this\"><span class=\"w-text-h\"><span class=\"w-text-value\">Ajankohtaisia artikkeleita<\/span><\/span><\/h5><\/div><\/div><\/div><div class=\"vc_col-sm-4 wpb_column vc_column_container\"><div class=\"vc_column-inner\"><div class=\"wpb_wrapper\"><\/div><\/div><\/div><\/div><\/div><\/section><section class=\"l-section wpb_row height_large\"><div class=\"l-section-h i-cf\"><div class=\"g-cols vc_row via_flex valign_top type_default stacking_default\"><div class=\"vc_col-sm-2 wpb_column vc_column_container\"><div class=\"vc_column-inner\"><div class=\"wpb_wrapper\"><\/div><\/div><\/div><div class=\"vc_col-sm-8 wpb_column vc_column_container\"><div class=\"vc_column-inner\"><div class=\"wpb_wrapper\"><div class=\"w-grid us_post_list type_grid layout_12 cols_1 pagination_load_on_scroll preload_style_spinner\" id=\"us_post_list_w852\" style=\"--columns:1;--gap:2rem;\"><style>.layout_12 .w-grid-item-h{}.layout_12 .usg_post_image_1{width:45%!important;max-width:400px!important}.layout_12 .usg_post_title_1{font-size:1.5rem!important;line-height:1.3!important;font-weight:700!important;margin-bottom:0.2rem!important}.layout_12 .usg_vwrapper_1{width:55%!important;padding-left:2rem!important;padding-top:0!important}.layout_12 .usg_post_date_1{color:var(--color-content-link)!important;font-size:0.9rem!important;margin-bottom:auto!important}.layout_12 .usg_post_content_1{margin-top:1rem!important;margin-bottom:1.3rem!important}.layout_12 .usg_text_1{color:var(--color-content-link)!important;font-size:0.9rem!important;line-height:1!important;font-weight:700!important;margin-top:auto!important}@media (min-width:1024px) and (max-width:1380px){.layout_12 .usg_post_image_1{width:45%!important}.layout_12 .usg_post_title_1{font-size:1.5rem!important;font-weight:700!important}.layout_12 .usg_vwrapper_1{width:55%!important;padding-left:2rem!important;padding-top:0!important}}@media (min-width:601px) and (max-width:1023px){.layout_12 .usg_post_image_1{width:100%!important}.layout_12 .usg_post_title_1{font-size:1.5rem!important;font-weight:700!important}.layout_12 .usg_vwrapper_1{width:100%!important;max-width:600px!important;padding-left:0!important;padding-right:0!important;padding-top:1rem!important}}@media (max-width:600px){.layout_12 .usg_post_image_1{width:100%!important}.layout_12 .usg_post_title_1{font-size:1.3rem!important;font-weight:700!important}.layout_12 .usg_vwrapper_1{width:100%!important;padding-left:0!important;padding-right:0!important;padding-top:1rem!important}.layout_12 .usg_text_1{font-size:1rem!important}}<\/style><div class=\"w-grid-list\">\t<article class=\"w-grid-item size_1x1 post-646 post type-post status-publish format-standard has-post-thumbnail hentry category-uutiset\" data-id=\"646\">\r\n\t\t<div class=\"w-grid-item-h\">\r\n\t\t\t\t\t\t<div class=\"w-hwrapper usg_hwrapper_1 align_none valign_stretch wrap\" style=\"--hwrapper-gap:0rem\"><div class=\"w-post-elm post_image usg_post_image_1 has_width has_ratio\"><a href=\"https:\/\/fingulfbusinesspark.com\/fi\/emirates-to-launch-direct-flights-from-dubai-to-finland\/\" aria-label=\"Emirates k\u00e4ynnist\u00e4\u00e4 suorat lentoyhteydet Dubain ja Suomen v\u00e4lill\u00e4\"><img loading=\"lazy\" decoding=\"async\" width=\"1024\" height=\"805\" src=\"https:\/\/fingulfbusinesspark.com\/wp-content\/uploads\/emirates-1-e1769159202412-1024x805.jpg\" class=\"attachment-large size-large wp-post-image\" alt=\"\" \/><\/a><div style=\"padding-bottom:75%\"><\/div><\/div><div class=\"w-vwrapper usg_vwrapper_1 align_none valign_top\"><h2 class=\"w-post-elm post_title usg_post_title_1 entry-title color_link_inherit\"><a href=\"https:\/\/fingulfbusinesspark.com\/fi\/emirates-to-launch-direct-flights-from-dubai-to-finland\/\">Emirates k\u00e4ynnist\u00e4\u00e4 suorat lentoyhteydet Dubain ja Suomen v\u00e4lill\u00e4<\/a><\/h2><time class=\"w-post-elm post_date usg_post_date_1 has_text_color entry-date published\" datetime=\"2026-01-23T10:52:46+02:00\">23.01.26<\/time><div class=\"w-post-elm post_content usg_post_content_1\">Emirates on ilmoittanut aloittavansa suorat lennot Dubain ja Suomen v\u00e4lill\u00e4, mik\u00e4 vahvistaa entisest\u00e4\u00e4n matkailu- ja kauppasuhteita Yhdistyneiden arabiemiirikuntien ja Pohjoismaiden v\u00e4lill\u00e4. Uusi reitti parantaa suomalaisten yritysten ja matkailijoiden saavutettavuutta Dubaihin&hellip;<\/div><div class=\"w-text usg_text_1 has_text_color icon_atleft\"><a href=\"https:\/\/fingulfbusinesspark.com\/fi\/emirates-to-launch-direct-flights-from-dubai-to-finland\/\" class=\"w-text-h\"><i class=\"far fa-plus\"><\/i><span class=\"w-text-value\">Lue lis\u00e4\u00e4<\/span><\/a><\/div><\/div><\/div>\t\t<\/div>\r\n\t\t\t<\/article>\r\n\t<article class=\"w-grid-item size_1x1 post-614 post type-post status-publish format-standard has-post-thumbnail hentry category-uutiset\" data-id=\"614\">\r\n\t\t<div class=\"w-grid-item-h\">\r\n\t\t\t\t\t\t<div class=\"w-hwrapper usg_hwrapper_1 align_none valign_stretch wrap\" style=\"--hwrapper-gap:0rem\"><div class=\"w-post-elm post_image usg_post_image_1 has_width has_ratio\"><a href=\"https:\/\/fingulfbusinesspark.com\/fi\/stubb-vieraili-uaessa-suomalaisille-yrityksille-uusia-ovia-dubaissa-ja-emiraateissa\/\" aria-label=\"Stubb vieraili UAE:ssa \u2014 suomalaisille yrityksille uusia ovia Dubaissa ja emiraateissa\"><img loading=\"lazy\" decoding=\"async\" width=\"1024\" height=\"683\" src=\"https:\/\/fingulfbusinesspark.com\/wp-content\/uploads\/stubb-1024x683.jpeg\" class=\"attachment-large size-large wp-post-image\" alt=\"\" \/><\/a><div style=\"padding-bottom:75%\"><\/div><\/div><div class=\"w-vwrapper usg_vwrapper_1 align_none valign_top\"><h2 class=\"w-post-elm post_title usg_post_title_1 entry-title color_link_inherit\"><a href=\"https:\/\/fingulfbusinesspark.com\/fi\/stubb-vieraili-uaessa-suomalaisille-yrityksille-uusia-ovia-dubaissa-ja-emiraateissa\/\">Stubb vieraili UAE:ssa \u2014 suomalaisille yrityksille uusia ovia Dubaissa ja emiraateissa<\/a><\/h2><time class=\"w-post-elm post_date usg_post_date_1 has_text_color entry-date published\" datetime=\"2025-12-01T15:19:31+02:00\">1.12.25<\/time><div class=\"w-post-elm post_content usg_post_content_1\">Marraskuun lopussa Suomen presidentti Alexander Stubb vieraili kahden p\u00e4iv\u00e4n mittaisella virallisella vierailulla Yhdistyneiss\u00e4 Arabiemiirikunnissa (UAE). Ohjelmassa olivat niin Dubain kuin Abu Dhabinkin tapaamiset poliittisten ja liikepiirien huippujen kanssa.\u00a0T\u00e4m\u00e4 vierailu \u2014&hellip;<\/div><div class=\"w-text usg_text_1 has_text_color icon_atleft\"><a href=\"https:\/\/fingulfbusinesspark.com\/fi\/stubb-vieraili-uaessa-suomalaisille-yrityksille-uusia-ovia-dubaissa-ja-emiraateissa\/\" class=\"w-text-h\"><i class=\"far fa-plus\"><\/i><span class=\"w-text-value\">Lue lis\u00e4\u00e4<\/span><\/a><\/div><\/div><\/div>\t\t<\/div>\r\n\t\t\t<\/article>\r\n\t<article class=\"w-grid-item size_1x1 post-503 post type-post status-publish format-standard has-post-thumbnail hentry category-uutiset\" data-id=\"503\">\r\n\t\t<div class=\"w-grid-item-h\">\r\n\t\t\t\t\t\t<div class=\"w-hwrapper usg_hwrapper_1 align_none valign_stretch wrap\" style=\"--hwrapper-gap:0rem\"><div class=\"w-post-elm post_image usg_post_image_1 has_width has_ratio\"><a href=\"https:\/\/fingulfbusinesspark.com\/fi\/teknologia-ja-ruoka-alan-tapahtumat\/\" aria-label=\"Maailman suurimmat teknologia- ja ruoka-alan tapahtumat siirtyv\u00e4t Dubai Exhibition Centreen, Expo City Dubaissa, vuonna 2026\"><img loading=\"lazy\" decoding=\"async\" width=\"1024\" height=\"576\" src=\"https:\/\/fingulfbusinesspark.com\/wp-content\/uploads\/uutinen-1024x576.jpg\" class=\"attachment-large size-large wp-post-image\" alt=\"\" \/><\/a><div style=\"padding-bottom:75%\"><\/div><\/div><div class=\"w-vwrapper usg_vwrapper_1 align_none valign_top\"><h2 class=\"w-post-elm post_title usg_post_title_1 entry-title color_link_inherit\"><a href=\"https:\/\/fingulfbusinesspark.com\/fi\/teknologia-ja-ruoka-alan-tapahtumat\/\">Maailman suurimmat teknologia- ja ruoka-alan tapahtumat siirtyv\u00e4t Dubai Exhibition Centreen, Expo City Dubaissa, vuonna 2026<\/a><\/h2><time class=\"w-post-elm post_date usg_post_date_1 has_text_color entry-date published\" datetime=\"2025-10-27T09:29:14+02:00\">27.10.25<\/time><div class=\"w-post-elm post_content usg_post_content_1\">Dubai World Trade Centre (DWTC), alueen johtava liiketoiminnan mahdollistaja ja globaalien tapahtumien keskus, GITEXin ja Gulfoodin j\u00e4rjest\u00e4j\u00e4, ilmoitti t\u00e4n\u00e4\u00e4n, ett\u00e4 kaksi maailman suurinta Dubain kauppaa ja taloutta vauhdittavaa tapahtumaa siirtyy&hellip;<\/div><div class=\"w-text usg_text_1 has_text_color icon_atleft\"><a href=\"https:\/\/fingulfbusinesspark.com\/fi\/teknologia-ja-ruoka-alan-tapahtumat\/\" class=\"w-text-h\"><i class=\"far fa-plus\"><\/i><span class=\"w-text-value\">Lue lis\u00e4\u00e4<\/span><\/a><\/div><\/div><\/div>\t\t<\/div>\r\n\t\t\t<\/article>\r\n<\/div><div class=\"g-loadmore hidden\"><div class=\"g-preloader type_1\"><div><\/div><\/div><\/div><div class=\"w-grid-list-json hidden\" onclick='return {&quot;max_num_pages&quot;:1,&quot;paginationBase&quot;:&quot;page&quot;,&quot;pagination&quot;:&quot;load_on_scroll&quot;,&quot;paged&quot;:1,&quot;ajaxData&quot;:{&quot;action&quot;:&quot;us_ajax_post_list&quot;,&quot;meta_type&quot;:&quot;post&quot;,&quot;object_id&quot;:0,&quot;template_vars&quot;:{&quot;paged&quot;:1,&quot;max_num_pages&quot;:1,&quot;no_results&quot;:false,&quot;us_post_content_design_css&quot;:[],&quot;found_posts&quot;:3,&quot;source&quot;:&quot;all&quot;,&quot;ids&quot;:&quot;&quot;,&quot;post_type&quot;:&quot;post&quot;,&quot;attachment_ids&quot;:null,&quot;include_post_thumbnail&quot;:0,&quot;post_author&quot;:&quot;any&quot;,&quot;post_author_ids&quot;:&quot;&quot;,&quot;apply_url_params&quot;:0,&quot;exclude_children&quot;:0,&quot;exclude_current_post&quot;:&quot;0&quot;,&quot;exclude_prev_posts&quot;:0,&quot;enable_items_offset&quot;:0,&quot;items_offset&quot;:&quot;1&quot;,&quot;tax_query_relation&quot;:&quot;AND&quot;,&quot;tax_query&quot;:&quot;%5B%7B%22operator%22%3A%22IN%22%2C%22taxonomy%22%3A%22category%22%2C%22terms%22%3A%2214%22%2C%22include_children%22%3A%220%22%7D%5D&quot;,&quot;meta_query_relation&quot;:&quot;none&quot;,&quot;meta_query&quot;:[{&quot;key&quot;:&quot;custom_field_name&quot;,&quot;compare&quot;:&quot;=&quot;,&quot;value&quot;:&quot;&quot;}],&quot;orderby&quot;:&quot;date&quot;,&quot;orderby_custom_field&quot;:&quot;&quot;,&quot;orderby_custom_type&quot;:0,&quot;order_invert&quot;:&quot;1&quot;,&quot;show_all&quot;:0,&quot;quantity&quot;:&quot;12&quot;,&quot;posts_per_archive_page&quot;:0,&quot;no_items_action&quot;:&quot;message&quot;,&quot;no_items_message&quot;:&quot;Ei tuloksia.&quot;,&quot;no_items_page_block&quot;:&quot;&quot;,&quot;pagination&quot;:&quot;load_on_scroll&quot;,&quot;pagination_style&quot;:&quot;&quot;,&quot;pagination_btn_text&quot;:&quot;Load More&quot;,&quot;pagination_btn_size&quot;:&quot;&quot;,&quot;pagination_btn_style&quot;:&quot;1&quot;,&quot;pagination_btn_fullwidth&quot;:0,&quot;items_layout&quot;:&quot;12&quot;,&quot;type&quot;:&quot;grid&quot;,&quot;items_valign&quot;:0,&quot;ignore_items_size&quot;:0,&quot;columns&quot;:&quot;1&quot;,&quot;items_gap&quot;:&quot;2rem&quot;,&quot;load_animation&quot;:&quot;none&quot;,&quot;items_preload_style&quot;:&quot;spinner&quot;,&quot;img_size&quot;:&quot;default&quot;,&quot;title_size&quot;:&quot;&quot;,&quot;items_ratio&quot;:&quot;default&quot;,&quot;items_ratio_width&quot;:&quot;21&quot;,&quot;items_ratio_height&quot;:&quot;9&quot;,&quot;overriding_link&quot;:&quot;%7B%22url%22%3A%22%22%7D&quot;,&quot;popup_page_template&quot;:&quot;0&quot;,&quot;popup_width&quot;:&quot;&quot;,&quot;popup_arrows&quot;:1,&quot;breakpoint_1_width&quot;:&quot;1381px&quot;,&quot;breakpoint_1_cols&quot;:&quot;default&quot;,&quot;breakpoint_1_quantity&quot;:&quot;&quot;,&quot;breakpoint_1_gap&quot;:&quot;&quot;,&quot;breakpoint_2_width&quot;:&quot;1024px&quot;,&quot;breakpoint_2_cols&quot;:&quot;2&quot;,&quot;breakpoint_2_quantity&quot;:&quot;&quot;,&quot;breakpoint_2_gap&quot;:&quot;&quot;,&quot;breakpoint_3_width&quot;:&quot;601px&quot;,&quot;breakpoint_3_cols&quot;:&quot;1&quot;,&quot;breakpoint_3_quantity&quot;:&quot;&quot;,&quot;breakpoint_3_gap&quot;:&quot;&quot;,&quot;conditions_operator&quot;:&quot;always&quot;,&quot;conditions&quot;:[],&quot;css&quot;:null,&quot;el_class&quot;:&quot;&quot;,&quot;el_id&quot;:&quot;&quot;,&quot;enable_custom_html_atts&quot;:0,&quot;custom_html_atts&quot;:null,&quot;hide_on_states&quot;:&quot;&quot;,&quot;hide_for_sticky&quot;:0,&quot;hide_for_not_sticky&quot;:0,&quot;hide_below&quot;:&quot;0px&quot;,&quot;hide_above&quot;:&quot;0px&quot;,&quot;classes&quot;:&quot;&quot;}},&quot;facetedFilter&quot;:[]}'><\/div><\/div><\/div><\/div><\/div><div class=\"vc_col-sm-2 wpb_column vc_column_container\"><div class=\"vc_column-inner\"><div class=\"wpb_wrapper\"><\/div><\/div><\/div><\/div><\/div><\/section>\n","protected":false},"excerpt":{"rendered":"Dubai World Trade Centre (DWTC), alueen johtava liiketoiminnan mahdollistaja ja globaalien tapahtumien keskus, GITEXin ja Gulfoodin j\u00e4rjest\u00e4j\u00e4, ilmoitti t\u00e4n\u00e4\u00e4n, ett\u00e4 kaksi maailman suurinta Dubain kauppaa ja taloutta vauhdittavaa tapahtumaa siirtyy vuonna 2026 Dubai Exhibition Centreen, joka sijaitsee Expo City Dubaissa. Kyseiset tapahtumat ovat GITEX GLOBAL, maailman suurin teknologia- ja teko\u00e4lytapahtuma, sek\u00e4 Gulfood, maailman suurin elintarvikealan...","protected":false},"author":1,"featured_media":0,"parent":0,"menu_order":3,"comment_status":"closed","ping_status":"closed","template":"","meta":{"footnotes":""},"class_list":["post-216","page","type-page","status-publish","hentry"],"yoast_head":"<!-- This site is optimized with the Yoast SEO plugin v26.3 - https:\/\/yoast.com\/wordpress\/plugins\/seo\/ -->\n<title>Uutiset - Fingulf<\/title>\n<meta name=\"description\" content=\"Meid\u00e4n ty\u00f6mme n\u00e4kyy sitoutuneissa yleis\u00f6iss\u00e4, vahvistuneissa br\u00e4ndeiss\u00e4 ja pitkiss\u00e4 kumppanuuksissa.\" \/>\n<meta name=\"robots\" content=\"index, follow, max-snippet:-1, max-image-preview:large, max-video-preview:-1\" \/>\n<link rel=\"canonical\" href=\"https:\/\/fingulfbusinesspark.com\/fi\/uutiset\/\" \/>\n<meta property=\"og:locale\" content=\"fi_FI\" \/>\n<meta property=\"og:type\" content=\"article\" \/>\n<meta property=\"og:title\" content=\"Uutiset - Fingulf\" \/>\n<meta property=\"og:description\" content=\"Meid\u00e4n ty\u00f6mme n\u00e4kyy sitoutuneissa yleis\u00f6iss\u00e4, vahvistuneissa br\u00e4ndeiss\u00e4 ja pitkiss\u00e4 kumppanuuksissa.\" \/>\n<meta property=\"og:url\" content=\"https:\/\/fingulfbusinesspark.com\/fi\/uutiset\/\" \/>\n<meta property=\"og:site_name\" content=\"Fingulf\" \/>\n<meta property=\"article:modified_time\" content=\"2026-01-23T11:27:23+00:00\" \/>\n<meta name=\"twitter:card\" content=\"summary_large_image\" \/>\n<meta name=\"twitter:label1\" content=\"Arvioitu lukuaika\" \/>\n\t<meta name=\"twitter:data1\" content=\"1 minuutti\" \/>\n<script type=\"application\/ld+json\" class=\"yoast-schema-graph\">{\"@context\":\"https:\/\/schema.org\",\"@graph\":[{\"@type\":\"WebPage\",\"@id\":\"https:\/\/fingulfbusinesspark.com\/fi\/uutiset\/\",\"url\":\"https:\/\/fingulfbusinesspark.com\/fi\/uutiset\/\",\"name\":\"Uutiset - Fingulf\",\"isPartOf\":{\"@id\":\"https:\/\/fingulfbusinesspark.com\/fi\/#website\"},\"datePublished\":\"2025-10-09T12:05:23+00:00\",\"dateModified\":\"2026-01-23T11:27:23+00:00\",\"description\":\"Meid\u00e4n ty\u00f6mme n\u00e4kyy sitoutuneissa yleis\u00f6iss\u00e4, vahvistuneissa br\u00e4ndeiss\u00e4 ja pitkiss\u00e4 kumppanuuksissa.\",\"breadcrumb\":{\"@id\":\"https:\/\/fingulfbusinesspark.com\/fi\/uutiset\/#breadcrumb\"},\"inLanguage\":\"fi\",\"potentialAction\":[{\"@type\":\"ReadAction\",\"target\":[\"https:\/\/fingulfbusinesspark.com\/fi\/uutiset\/\"]}]},{\"@type\":\"BreadcrumbList\",\"@id\":\"https:\/\/fingulfbusinesspark.com\/fi\/uutiset\/#breadcrumb\",\"itemListElement\":[{\"@type\":\"ListItem\",\"position\":1,\"name\":\"Etusivu\",\"item\":\"https:\/\/fingulfbusinesspark.com\/fi\/\"},{\"@type\":\"ListItem\",\"position\":2,\"name\":\"Uutiset\"}]},{\"@type\":\"WebSite\",\"@id\":\"https:\/\/fingulfbusinesspark.com\/fi\/#website\",\"url\":\"https:\/\/fingulfbusinesspark.com\/fi\/\",\"name\":\"Fingulf\",\"description\":\"Kaikki mit\u00e4 tarvitset vied\u00e4ksesi yrityksesi L\u00e4hi-It\u00e4\u00e4n\",\"potentialAction\":[{\"@type\":\"SearchAction\",\"target\":{\"@type\":\"EntryPoint\",\"urlTemplate\":\"https:\/\/fingulfbusinesspark.com\/fi\/?s={search_term_string}\"},\"query-input\":{\"@type\":\"PropertyValueSpecification\",\"valueRequired\":true,\"valueName\":\"search_term_string\"}}],\"inLanguage\":\"fi\"}]}<\/script>\n<!-- \/ Yoast SEO plugin. -->","yoast_head_json":{"title":"Uutiset - Fingulf","description":"Meid\u00e4n ty\u00f6mme n\u00e4kyy sitoutuneissa yleis\u00f6iss\u00e4, vahvistuneissa br\u00e4ndeiss\u00e4 ja pitkiss\u00e4 kumppanuuksissa.","robots":{"index":"index","follow":"follow","max-snippet":"max-snippet:-1","max-image-preview":"max-image-preview:large","max-video-preview":"max-video-preview:-1"},"canonical":"https:\/\/fingulfbusinesspark.com\/fi\/uutiset\/","og_locale":"fi_FI","og_type":"article","og_title":"Uutiset - Fingulf","og_description":"Meid\u00e4n ty\u00f6mme n\u00e4kyy sitoutuneissa yleis\u00f6iss\u00e4, vahvistuneissa br\u00e4ndeiss\u00e4 ja pitkiss\u00e4 kumppanuuksissa.","og_url":"https:\/\/fingulfbusinesspark.com\/fi\/uutiset\/","og_site_name":"Fingulf","article_modified_time":"2026-01-23T11:27:23+00:00","twitter_card":"summary_large_image","twitter_misc":{"Arvioitu lukuaika":"1 minuutti"},"schema":{"@context":"https:\/\/schema.org","@graph":[{"@type":"WebPage","@id":"https:\/\/fingulfbusinesspark.com\/fi\/uutiset\/","url":"https:\/\/fingulfbusinesspark.com\/fi\/uutiset\/","name":"Uutiset - Fingulf","isPartOf":{"@id":"https:\/\/fingulfbusinesspark.com\/fi\/#website"},"datePublished":"2025-10-09T12:05:23+00:00","dateModified":"2026-01-23T11:27:23+00:00","description":"Meid\u00e4n ty\u00f6mme n\u00e4kyy sitoutuneissa yleis\u00f6iss\u00e4, vahvistuneissa br\u00e4ndeiss\u00e4 ja pitkiss\u00e4 kumppanuuksissa.","breadcrumb":{"@id":"https:\/\/fingulfbusinesspark.com\/fi\/uutiset\/#breadcrumb"},"inLanguage":"fi","potentialAction":[{"@type":"ReadAction","target":["https:\/\/fingulfbusinesspark.com\/fi\/uutiset\/"]}]},{"@type":"BreadcrumbList","@id":"https:\/\/fingulfbusinesspark.com\/fi\/uutiset\/#breadcrumb","itemListElement":[{"@type":"ListItem","position":1,"name":"Etusivu","item":"https:\/\/fingulfbusinesspark.com\/fi\/"},{"@type":"ListItem","position":2,"name":"Uutiset"}]},{"@type":"WebSite","@id":"https:\/\/fingulfbusinesspark.com\/fi\/#website","url":"https:\/\/fingulfbusinesspark.com\/fi\/","name":"Fingulf","description":"Kaikki mit\u00e4 tarvitset vied\u00e4ksesi yrityksesi L\u00e4hi-It\u00e4\u00e4n","potentialAction":[{"@type":"SearchAction","target":{"@type":"EntryPoint","urlTemplate":"https:\/\/fingulfbusinesspark.com\/fi\/?s={search_term_string}"},"query-input":{"@type":"PropertyValueSpecification","valueRequired":true,"valueName":"search_term_string"}}],"inLanguage":"fi"}]}},"_links":{"self":[{"href":"https:\/\/fingulfbusinesspark.com\/fi\/wp-json\/wp\/v2\/pages\/216","targetHints":{"allow":["GET"]}}],"collection":[{"href":"https:\/\/fingulfbusinesspark.com\/fi\/wp-json\/wp\/v2\/pages"}],"about":[{"href":"https:\/\/fingulfbusinesspark.com\/fi\/wp-json\/wp\/v2\/types\/page"}],"author":[{"embeddable":true,"href":"https:\/\/fingulfbusinesspark.com\/fi\/wp-json\/wp\/v2\/users\/1"}],"replies":[{"embeddable":true,"href":"https:\/\/fingulfbusinesspark.com\/fi\/wp-json\/wp\/v2\/comments?post=216"}],"version-history":[{"count":12,"href":"https:\/\/fingulfbusinesspark.com\/fi\/wp-json\/wp\/v2\/pages\/216\/revisions"}],"predecessor-version":[{"id":656,"href":"https:\/\/fingulfbusinesspark.com\/fi\/wp-json\/wp\/v2\/pages\/216\/revisions\/656"}],"wp:attachment":[{"href":"https:\/\/fingulfbusinesspark.com\/fi\/wp-json\/wp\/v2\/media?parent=216"}],"curies":[{"name":"wp","href":"https:\/\/api.w.org\/{rel}","templated":true}]}}