{"id":77,"date":"2024-11-27T13:28:49","date_gmt":"2024-11-27T11:28:49","guid":{"rendered":"https:\/\/fingulfbusinesspark.com\/?page_id=77"},"modified":"2026-04-16T15:48:38","modified_gmt":"2026-04-16T12:48:38","slug":"yhteys","status":"publish","type":"page","link":"https:\/\/fingulfbusinesspark.com\/fi\/yhteys\/","title":{"rendered":"Yhteys"},"content":{"rendered":"<section class=\"l-section wpb_row height_large full_height valign_center color_alternate\"><div class=\"l-section-h i-cf\"><div class=\"g-cols vc_row via_flex valign_top type_default stacking_default\"><div class=\"vc_col-sm-2 wpb_column vc_column_container\"><div class=\"vc_column-inner\"><div class=\"wpb_wrapper\"><\/div><\/div><\/div><div class=\"vc_col-sm-8 wpb_column vc_column_container\"><div class=\"vc_column-inner\"><div class=\"wpb_wrapper\"><h5 class=\"w-text us_custom_6745946f has_text_color\"><span class=\"w-text-h\"><span class=\"w-text-value\">Yhteystiedot<\/span><\/span><\/h5><div class=\"wpb_text_column\"><div class=\"wpb_wrapper\"><h2>Kiinnostuitko? Kysy lis\u00e4\u00e4.<\/h2>\n<\/div><\/div><div class=\"w-separator size_huge\"><\/div><div class=\"g-cols wpb_row via_flex valign_top type_default stacking_default\"><div class=\"vc_col-sm-6 wpb_column vc_column_container\"><div class=\"vc_column-inner\"><div class=\"wpb_wrapper\"><div class=\"w-person layout_circle with_desc\"><div class=\"w-person-image\"><img loading=\"lazy\" decoding=\"async\" width=\"960\" height=\"960\" src=\"https:\/\/fingulfbusinesspark.com\/wp-content\/uploads\/niina.jpg\" class=\"attachment-large size-large\" alt=\"Niina Pitk\u00e4nen\" srcset=\"https:\/\/fingulfbusinesspark.com\/wp-content\/uploads\/niina.jpg 960w, https:\/\/fingulfbusinesspark.com\/wp-content\/uploads\/niina-300x300.jpg 300w, https:\/\/fingulfbusinesspark.com\/wp-content\/uploads\/niina-150x150.jpg 150w\" sizes=\"auto, (max-width: 960px) 100vw, 960px\" \/><\/div><div class=\"w-person-content\"><h4 class=\"w-person-name\"><span>Niina Pitk\u00e4nen<\/span><\/h4><div class=\"w-person-description\"><p>+971 56 183 0381<br \/>\n+358 40 171 2770<\/p>\n<\/div><\/div><\/div><\/div><\/div><\/div><div class=\"vc_col-sm-6 wpb_column vc_column_container\"><div class=\"vc_column-inner\"><div class=\"wpb_wrapper\"><div class=\"w-person layout_circle with_desc with_socials\"><div class=\"w-person-image\"><img loading=\"lazy\" decoding=\"async\" width=\"940\" height=\"940\" src=\"https:\/\/fingulfbusinesspark.com\/wp-content\/uploads\/mika-puustinen.jpg\" class=\"attachment-large size-large\" alt=\"Mika Puustinen\" srcset=\"https:\/\/fingulfbusinesspark.com\/wp-content\/uploads\/mika-puustinen.jpg 940w, https:\/\/fingulfbusinesspark.com\/wp-content\/uploads\/mika-puustinen-300x300.jpg 300w, https:\/\/fingulfbusinesspark.com\/wp-content\/uploads\/mika-puustinen-150x150.jpg 150w\" sizes=\"auto, (max-width: 940px) 100vw, 940px\" \/><div class=\"w-person-links\"><div class=\"w-person-links-list\"><a href=\"mailto:mika.puustinen@fingulfbusinesspark.com\" class=\"w-person-links-item type_email\" title=\"S\u00e4hk\u00f6postiosoite\"><i class=\"fas fa-envelope\"><\/i><\/a><\/div><\/div><\/div><div class=\"w-person-content\"><h4 class=\"w-person-name\"><span>Mika Puustinen<\/span><\/h4><div class=\"w-person-description\"><p>+971 55 183 0750<br \/>\n+358 45 855 4490<\/p>\n<\/div><\/div><\/div><\/div><\/div><\/div><\/div><\/div><\/div><\/div><div class=\"vc_col-sm-2 wpb_column vc_column_container\"><div class=\"vc_column-inner\"><div class=\"wpb_wrapper\"><\/div><\/div><\/div><\/div><\/div><\/section>\n","protected":false},"excerpt":{"rendered":"YhteystiedotKiinnostuitko? Kysy lis\u00e4\u00e4. Niina Pitk\u00e4nen+971 56 183 0381 +358 40 171 2770 Mika Puustinen+971 55 183 0750 +358 45 855 4490","protected":false},"author":1,"featured_media":0,"parent":0,"menu_order":6,"comment_status":"closed","ping_status":"closed","template":"","meta":{"footnotes":""},"class_list":["post-77","page","type-page","status-publish","hentry"],"yoast_head":"<!-- This site is optimized with the Yoast SEO plugin v26.3 - https:\/\/yoast.com\/wordpress\/plugins\/seo\/ -->\n<title>Yhteys - Fingulf<\/title>\n<meta name=\"description\" content=\"Kiinnostuitko? Ota yhteys, autamme mielell\u00e4mme.\" \/>\n<meta name=\"robots\" content=\"index, follow, max-snippet:-1, max-image-preview:large, max-video-preview:-1\" \/>\n<link rel=\"canonical\" href=\"https:\/\/fingulfbusinesspark.com\/fi\/yhteys\/\" \/>\n<meta property=\"og:locale\" content=\"fi_FI\" \/>\n<meta property=\"og:type\" content=\"article\" \/>\n<meta property=\"og:title\" content=\"Yhteys - Fingulf\" \/>\n<meta property=\"og:description\" content=\"Kiinnostuitko? Ota yhteys, autamme mielell\u00e4mme.\" \/>\n<meta property=\"og:url\" content=\"https:\/\/fingulfbusinesspark.com\/fi\/yhteys\/\" \/>\n<meta property=\"og:site_name\" content=\"Fingulf\" \/>\n<meta property=\"article:modified_time\" content=\"2026-04-16T12:48:38+00:00\" \/>\n<meta name=\"twitter:card\" content=\"summary_large_image\" \/>\n<meta name=\"twitter:label1\" content=\"Arvioitu lukuaika\" \/>\n\t<meta name=\"twitter:data1\" content=\"1 minuutti\" \/>\n<script type=\"application\/ld+json\" class=\"yoast-schema-graph\">{\"@context\":\"https:\/\/schema.org\",\"@graph\":[{\"@type\":\"WebPage\",\"@id\":\"https:\/\/fingulfbusinesspark.com\/fi\/yhteys\/\",\"url\":\"https:\/\/fingulfbusinesspark.com\/fi\/yhteys\/\",\"name\":\"Yhteys - Fingulf\",\"isPartOf\":{\"@id\":\"https:\/\/fingulfbusinesspark.com\/fi\/#website\"},\"datePublished\":\"2024-11-27T11:28:49+00:00\",\"dateModified\":\"2026-04-16T12:48:38+00:00\",\"description\":\"Kiinnostuitko? Ota yhteys, autamme mielell\u00e4mme.\",\"breadcrumb\":{\"@id\":\"https:\/\/fingulfbusinesspark.com\/fi\/yhteys\/#breadcrumb\"},\"inLanguage\":\"fi\",\"potentialAction\":[{\"@type\":\"ReadAction\",\"target\":[\"https:\/\/fingulfbusinesspark.com\/fi\/yhteys\/\"]}]},{\"@type\":\"BreadcrumbList\",\"@id\":\"https:\/\/fingulfbusinesspark.com\/fi\/yhteys\/#breadcrumb\",\"itemListElement\":[{\"@type\":\"ListItem\",\"position\":1,\"name\":\"Etusivu\",\"item\":\"https:\/\/fingulfbusinesspark.com\/fi\/\"},{\"@type\":\"ListItem\",\"position\":2,\"name\":\"Yhteys\"}]},{\"@type\":\"WebSite\",\"@id\":\"https:\/\/fingulfbusinesspark.com\/fi\/#website\",\"url\":\"https:\/\/fingulfbusinesspark.com\/fi\/\",\"name\":\"Fingulf\",\"description\":\"Kaikki mit\u00e4 tarvitset vied\u00e4ksesi yrityksesi L\u00e4hi-It\u00e4\u00e4n\",\"potentialAction\":[{\"@type\":\"SearchAction\",\"target\":{\"@type\":\"EntryPoint\",\"urlTemplate\":\"https:\/\/fingulfbusinesspark.com\/fi\/?s={search_term_string}\"},\"query-input\":{\"@type\":\"PropertyValueSpecification\",\"valueRequired\":true,\"valueName\":\"search_term_string\"}}],\"inLanguage\":\"fi\"}]}<\/script>\n<!-- \/ Yoast SEO plugin. -->","yoast_head_json":{"title":"Yhteys - Fingulf","description":"Kiinnostuitko? Ota yhteys, autamme mielell\u00e4mme.","robots":{"index":"index","follow":"follow","max-snippet":"max-snippet:-1","max-image-preview":"max-image-preview:large","max-video-preview":"max-video-preview:-1"},"canonical":"https:\/\/fingulfbusinesspark.com\/fi\/yhteys\/","og_locale":"fi_FI","og_type":"article","og_title":"Yhteys - Fingulf","og_description":"Kiinnostuitko? Ota yhteys, autamme mielell\u00e4mme.","og_url":"https:\/\/fingulfbusinesspark.com\/fi\/yhteys\/","og_site_name":"Fingulf","article_modified_time":"2026-04-16T12:48:38+00:00","twitter_card":"summary_large_image","twitter_misc":{"Arvioitu lukuaika":"1 minuutti"},"schema":{"@context":"https:\/\/schema.org","@graph":[{"@type":"WebPage","@id":"https:\/\/fingulfbusinesspark.com\/fi\/yhteys\/","url":"https:\/\/fingulfbusinesspark.com\/fi\/yhteys\/","name":"Yhteys - Fingulf","isPartOf":{"@id":"https:\/\/fingulfbusinesspark.com\/fi\/#website"},"datePublished":"2024-11-27T11:28:49+00:00","dateModified":"2026-04-16T12:48:38+00:00","description":"Kiinnostuitko? Ota yhteys, autamme mielell\u00e4mme.","breadcrumb":{"@id":"https:\/\/fingulfbusinesspark.com\/fi\/yhteys\/#breadcrumb"},"inLanguage":"fi","potentialAction":[{"@type":"ReadAction","target":["https:\/\/fingulfbusinesspark.com\/fi\/yhteys\/"]}]},{"@type":"BreadcrumbList","@id":"https:\/\/fingulfbusinesspark.com\/fi\/yhteys\/#breadcrumb","itemListElement":[{"@type":"ListItem","position":1,"name":"Etusivu","item":"https:\/\/fingulfbusinesspark.com\/fi\/"},{"@type":"ListItem","position":2,"name":"Yhteys"}]},{"@type":"WebSite","@id":"https:\/\/fingulfbusinesspark.com\/fi\/#website","url":"https:\/\/fingulfbusinesspark.com\/fi\/","name":"Fingulf","description":"Kaikki mit\u00e4 tarvitset vied\u00e4ksesi yrityksesi L\u00e4hi-It\u00e4\u00e4n","potentialAction":[{"@type":"SearchAction","target":{"@type":"EntryPoint","urlTemplate":"https:\/\/fingulfbusinesspark.com\/fi\/?s={search_term_string}"},"query-input":{"@type":"PropertyValueSpecification","valueRequired":true,"valueName":"search_term_string"}}],"inLanguage":"fi"}]}},"_links":{"self":[{"href":"https:\/\/fingulfbusinesspark.com\/fi\/wp-json\/wp\/v2\/pages\/77","targetHints":{"allow":["GET"]}}],"collection":[{"href":"https:\/\/fingulfbusinesspark.com\/fi\/wp-json\/wp\/v2\/pages"}],"about":[{"href":"https:\/\/fingulfbusinesspark.com\/fi\/wp-json\/wp\/v2\/types\/page"}],"author":[{"embeddable":true,"href":"https:\/\/fingulfbusinesspark.com\/fi\/wp-json\/wp\/v2\/users\/1"}],"replies":[{"embeddable":true,"href":"https:\/\/fingulfbusinesspark.com\/fi\/wp-json\/wp\/v2\/comments?post=77"}],"version-history":[{"count":11,"href":"https:\/\/fingulfbusinesspark.com\/fi\/wp-json\/wp\/v2\/pages\/77\/revisions"}],"predecessor-version":[{"id":667,"href":"https:\/\/fingulfbusinesspark.com\/fi\/wp-json\/wp\/v2\/pages\/77\/revisions\/667"}],"wp:attachment":[{"href":"https:\/\/fingulfbusinesspark.com\/fi\/wp-json\/wp\/v2\/media?parent=77"}],"curies":[{"name":"wp","href":"https:\/\/api.w.org\/{rel}","templated":true}]}}